{"id":373,"date":"2024-01-25T04:53:49","date_gmt":"2024-01-25T04:53:49","guid":{"rendered":"https:\/\/sites.generatepress.com\/journal\/?page_id=373"},"modified":"2026-05-06T23:30:00","modified_gmt":"2026-05-06T23:30:00","slug":"about","status":"publish","type":"page","link":"https:\/\/snorlaxturing.com\/?page_id=373","title":{"rendered":"Contacto"},"content":{"rendered":"\n<div class=\"gb-element-501b0368\">\n<div class=\"gb-element-129cd584 sticky\">\n<h1 class=\"gb-text gb-text-8a2ece64\"><\/h1>\n\n\n\n<div class=\"gb-element-0536464b\">\n<p class=\"has-text-align-center\">Bogot\u00e1, jard\u00edn b\u00f3tanico<\/p>\n<\/div>\n<\/div>\n\n\n\n<div class=\"gb-element-f600c8bf\">\n<div class=\"gb-element-55626497\">\n<h3 class=\"gb-text\">Realmente no hay contacto, lol. <\/h3>\n\n\n\n<div>\n<p class=\"gb-text\"><\/p>\n<\/div>\n\n\n\n<p><\/p>\n<\/div>\n<\/div>\n<\/div>\n","protected":false},"excerpt":{"rendered":"<p>Bogot\u00e1, jard\u00edn b\u00f3tanico Realmente no hay contacto, lol.<\/p>\n","protected":false},"author":1,"featured_media":40,"parent":0,"menu_order":0,"comment_status":"closed","ping_status":"closed","template":"","meta":{"footnotes":""},"class_list":["post-373","page","type-page","status-publish","has-post-thumbnail"],"_links":{"self":[{"href":"https:\/\/snorlaxturing.com\/index.php?rest_route=\/wp\/v2\/pages\/373","targetHints":{"allow":["GET"]}}],"collection":[{"href":"https:\/\/snorlaxturing.com\/index.php?rest_route=\/wp\/v2\/pages"}],"about":[{"href":"https:\/\/snorlaxturing.com\/index.php?rest_route=\/wp\/v2\/types\/page"}],"author":[{"embeddable":true,"href":"https:\/\/snorlaxturing.com\/index.php?rest_route=\/wp\/v2\/users\/1"}],"replies":[{"embeddable":true,"href":"https:\/\/snorlaxturing.com\/index.php?rest_route=%2Fwp%2Fv2%2Fcomments&post=373"}],"version-history":[{"count":3,"href":"https:\/\/snorlaxturing.com\/index.php?rest_route=\/wp\/v2\/pages\/373\/revisions"}],"predecessor-version":[{"id":1158,"href":"https:\/\/snorlaxturing.com\/index.php?rest_route=\/wp\/v2\/pages\/373\/revisions\/1158"}],"wp:featuredmedia":[{"embeddable":true,"href":"https:\/\/snorlaxturing.com\/index.php?rest_route=\/wp\/v2\/media\/40"}],"wp:attachment":[{"href":"https:\/\/snorlaxturing.com\/index.php?rest_route=%2Fwp%2Fv2%2Fmedia&parent=373"}],"curies":[{"name":"wp","href":"https:\/\/api.w.org\/{rel}","templated":true}]}}